{"id":3268,"date":"2010-10-14T18:26:18","date_gmt":"2010-10-14T17:26:18","guid":{"rendered":"http:\/\/teatrodovestido.org\/?page_id=3268"},"modified":"2010-10-14T18:27:29","modified_gmt":"2010-10-14T17:27:29","slug":"apresentacao-2","status":"publish","type":"page","link":"http:\/\/teatrodovestido.org\/blog\/?page_id=3268","title":{"rendered":"Apresenta\u00e7\u00e3o"},"content":{"rendered":"<p>Por Tiago Fr\u00f3is<\/p>\n<div id='gallery-1' class='gallery galleryid-3268 gallery-columns-3 gallery-size-thumbnail'><dl class='gallery-item'>\n\t\t\t<dt class='gallery-icon landscape'>\n\t\t\t\t<a href='http:\/\/teatrodovestido.org\/blog\/wp-content\/uploads\/2010\/10\/IMG_7302.jpg'><img loading=\"lazy\" decoding=\"async\" width=\"150\" height=\"150\" src=\"http:\/\/teatrodovestido.org\/blog\/wp-content\/uploads\/2010\/10\/IMG_7302-150x150.jpg\" class=\"attachment-thumbnail size-thumbnail\" alt=\"\" \/><\/a>\n\t\t\t<\/dt><\/dl><dl class='gallery-item'>\n\t\t\t<dt class='gallery-icon landscape'>\n\t\t\t\t<a href='http:\/\/teatrodovestido.org\/blog\/wp-content\/uploads\/2010\/10\/IMG_7269.jpg'><img loading=\"lazy\" decoding=\"async\" width=\"150\" height=\"150\" src=\"http:\/\/teatrodovestido.org\/blog\/wp-content\/uploads\/2010\/10\/IMG_7269-150x150.jpg\" class=\"attachment-thumbnail size-thumbnail\" alt=\"\" \/><\/a>\n\t\t\t<\/dt><\/dl><dl class='gallery-item'>\n\t\t\t<dt class='gallery-icon landscape'>\n\t\t\t\t<a href='http:\/\/teatrodovestido.org\/blog\/wp-content\/uploads\/2010\/10\/IMG_7203.jpg'><img loading=\"lazy\" decoding=\"async\" width=\"150\" height=\"150\" src=\"http:\/\/teatrodovestido.org\/blog\/wp-content\/uploads\/2010\/10\/IMG_7203-150x150.jpg\" class=\"attachment-thumbnail size-thumbnail\" alt=\"\" \/><\/a>\n\t\t\t<\/dt><\/dl><br style=\"clear: both\" \/><dl class='gallery-item'>\n\t\t\t<dt class='gallery-icon landscape'>\n\t\t\t\t<a href='http:\/\/teatrodovestido.org\/blog\/wp-content\/uploads\/2010\/10\/IMG_7179.jpg'><img loading=\"lazy\" decoding=\"async\" width=\"150\" height=\"150\" src=\"http:\/\/teatrodovestido.org\/blog\/wp-content\/uploads\/2010\/10\/IMG_7179-150x150.jpg\" class=\"attachment-thumbnail size-thumbnail\" alt=\"\" \/><\/a>\n\t\t\t<\/dt><\/dl><dl class='gallery-item'>\n\t\t\t<dt class='gallery-icon landscape'>\n\t\t\t\t<a href='http:\/\/teatrodovestido.org\/blog\/wp-content\/uploads\/2010\/10\/IMG_7150.jpg'><img loading=\"lazy\" decoding=\"async\" width=\"150\" height=\"150\" src=\"http:\/\/teatrodovestido.org\/blog\/wp-content\/uploads\/2010\/10\/IMG_7150-150x150.jpg\" class=\"attachment-thumbnail size-thumbnail\" alt=\"\" \/><\/a>\n\t\t\t<\/dt><\/dl><dl class='gallery-item'>\n\t\t\t<dt class='gallery-icon landscape'>\n\t\t\t\t<a href='http:\/\/teatrodovestido.org\/blog\/wp-content\/uploads\/2010\/10\/IMG_7087.jpg'><img loading=\"lazy\" decoding=\"async\" width=\"150\" height=\"150\" src=\"http:\/\/teatrodovestido.org\/blog\/wp-content\/uploads\/2010\/10\/IMG_7087-150x150.jpg\" class=\"attachment-thumbnail size-thumbnail\" alt=\"\" \/><\/a>\n\t\t\t<\/dt><\/dl><br style=\"clear: both\" \/><dl class='gallery-item'>\n\t\t\t<dt class='gallery-icon landscape'>\n\t\t\t\t<a href='http:\/\/teatrodovestido.org\/blog\/wp-content\/uploads\/2010\/10\/IMG_7055.jpg'><img loading=\"lazy\" decoding=\"async\" width=\"150\" height=\"150\" src=\"http:\/\/teatrodovestido.org\/blog\/wp-content\/uploads\/2010\/10\/IMG_7055-150x150.jpg\" class=\"attachment-thumbnail size-thumbnail\" alt=\"\" \/><\/a>\n\t\t\t<\/dt><\/dl><dl class='gallery-item'>\n\t\t\t<dt class='gallery-icon landscape'>\n\t\t\t\t<a href='http:\/\/teatrodovestido.org\/blog\/wp-content\/uploads\/2010\/10\/IMG_7037.jpg'><img loading=\"lazy\" decoding=\"async\" width=\"150\" height=\"150\" src=\"http:\/\/teatrodovestido.org\/blog\/wp-content\/uploads\/2010\/10\/IMG_7037-150x150.jpg\" class=\"attachment-thumbnail size-thumbnail\" alt=\"\" \/><\/a>\n\t\t\t<\/dt><\/dl><dl class='gallery-item'>\n\t\t\t<dt class='gallery-icon landscape'>\n\t\t\t\t<a href='http:\/\/teatrodovestido.org\/blog\/wp-content\/uploads\/2010\/10\/IMG_6994.jpg'><img loading=\"lazy\" decoding=\"async\" width=\"150\" height=\"150\" src=\"http:\/\/teatrodovestido.org\/blog\/wp-content\/uploads\/2010\/10\/IMG_6994-150x150.jpg\" class=\"attachment-thumbnail size-thumbnail\" alt=\"\" \/><\/a>\n\t\t\t<\/dt><\/dl><br style=\"clear: both\" \/><dl class='gallery-item'>\n\t\t\t<dt class='gallery-icon landscape'>\n\t\t\t\t<a href='http:\/\/teatrodovestido.org\/blog\/wp-content\/uploads\/2010\/10\/IMG_6885.jpg'><img loading=\"lazy\" decoding=\"async\" width=\"150\" height=\"150\" src=\"http:\/\/teatrodovestido.org\/blog\/wp-content\/uploads\/2010\/10\/IMG_6885-150x150.jpg\" class=\"attachment-thumbnail size-thumbnail\" alt=\"\" \/><\/a>\n\t\t\t<\/dt><\/dl><dl class='gallery-item'>\n\t\t\t<dt class='gallery-icon landscape'>\n\t\t\t\t<a href='http:\/\/teatrodovestido.org\/blog\/wp-content\/uploads\/2010\/10\/IMG_6858.jpg'><img loading=\"lazy\" decoding=\"async\" width=\"150\" height=\"150\" src=\"http:\/\/teatrodovestido.org\/blog\/wp-content\/uploads\/2010\/10\/IMG_6858-150x150.jpg\" class=\"attachment-thumbnail size-thumbnail\" alt=\"\" \/><\/a>\n\t\t\t<\/dt><\/dl>\n\t\t\t<br style='clear: both' \/>\n\t\t<\/div>\n\n","protected":false},"excerpt":{"rendered":"<p>Por Tiago Fr\u00f3is<\/p>\n","protected":false},"author":4,"featured_media":0,"parent":3249,"menu_order":0,"comment_status":"closed","ping_status":"closed","template":"","meta":{"footnotes":""},"class_list":["post-3268","page","type-page","status-publish","hentry"],"_links":{"self":[{"href":"http:\/\/teatrodovestido.org\/blog\/index.php?rest_route=\/wp\/v2\/pages\/3268"}],"collection":[{"href":"http:\/\/teatrodovestido.org\/blog\/index.php?rest_route=\/wp\/v2\/pages"}],"about":[{"href":"http:\/\/teatrodovestido.org\/blog\/index.php?rest_route=\/wp\/v2\/types\/page"}],"author":[{"embeddable":true,"href":"http:\/\/teatrodovestido.org\/blog\/index.php?rest_route=\/wp\/v2\/users\/4"}],"replies":[{"embeddable":true,"href":"http:\/\/teatrodovestido.org\/blog\/index.php?rest_route=%2Fwp%2Fv2%2Fcomments&post=3268"}],"version-history":[{"count":4,"href":"http:\/\/teatrodovestido.org\/blog\/index.php?rest_route=\/wp\/v2\/pages\/3268\/revisions"}],"predecessor-version":[{"id":3284,"href":"http:\/\/teatrodovestido.org\/blog\/index.php?rest_route=\/wp\/v2\/pages\/3268\/revisions\/3284"}],"up":[{"embeddable":true,"href":"http:\/\/teatrodovestido.org\/blog\/index.php?rest_route=\/wp\/v2\/pages\/3249"}],"wp:attachment":[{"href":"http:\/\/teatrodovestido.org\/blog\/index.php?rest_route=%2Fwp%2Fv2%2Fmedia&parent=3268"}],"curies":[{"name":"wp","href":"https:\/\/api.w.org\/{rel}","templated":true}]}}